{"id":760,"date":"2024-01-13T08:57:56","date_gmt":"2024-01-13T12:57:56","guid":{"rendered":"https:\/\/lnrepresentacoes.com.br\/site\/?page_id=760"},"modified":"2024-01-13T15:37:44","modified_gmt":"2024-01-13T19:37:44","slug":"cadastro","status":"publish","type":"page","link":"https:\/\/lnrepresentacoes.com.br\/site\/cadastro\/","title":{"rendered":"cadastro"},"content":{"rendered":"\t\t<div data-elementor-type=\"wp-page\" data-elementor-id=\"760\" class=\"elementor elementor-760\">\n\t\t\t\t\t\t<section class=\"elementor-section elementor-top-section elementor-element elementor-element-3fa17a77 elementor-section-height-min-height elementor-section-boxed elementor-section-height-default elementor-section-items-middle\" data-id=\"3fa17a77\" data-element_type=\"section\" data-e-type=\"section\" data-settings=\"{&quot;background_background&quot;:&quot;classic&quot;}\">\n\t\t\t\t\t\t\t<div class=\"elementor-background-overlay\"><\/div>\n\t\t\t\t\t\t\t<div class=\"elementor-container elementor-column-gap-default\">\n\t\t\t\t\t<div class=\"elementor-column elementor-col-100 elementor-top-column elementor-element elementor-element-1ee65f54\" data-id=\"1ee65f54\" data-element_type=\"column\" data-e-type=\"column\">\n\t\t\t<div class=\"elementor-widget-wrap elementor-element-populated\">\n\t\t\t\t\t\t<div class=\"elementor-element elementor-element-6268fe05 elementor-widget elementor-widget-heading\" data-id=\"6268fe05\" data-element_type=\"widget\" data-e-type=\"widget\" data-widget_type=\"heading.default\">\n\t\t\t\t<div class=\"elementor-widget-container\">\n\t\t\t\t\t<h1 class=\"elementor-heading-title elementor-size-default\">CADASTRE-SE AGORA<\/h1>\t\t\t\t<\/div>\n\t\t\t\t<\/div>\n\t\t\t\t<div class=\"elementor-element elementor-element-7d342ee7 elementor-view-default elementor-invisible elementor-widget elementor-widget-icon\" data-id=\"7d342ee7\" data-element_type=\"widget\" data-e-type=\"widget\" data-settings=\"{&quot;_animation&quot;:&quot;fadeInDown&quot;,&quot;_animation_delay&quot;:500}\" data-widget_type=\"icon.default\">\n\t\t\t\t<div class=\"elementor-widget-container\">\n\t\t\t\t\t\t\t<div class=\"elementor-icon-wrapper\">\n\t\t\t<div class=\"elementor-icon\">\n\t\t\t<i aria-hidden=\"true\" class=\"fas fa-chevron-down\"><\/i>\t\t\t<\/div>\n\t\t<\/div>\n\t\t\t\t\t\t<\/div>\n\t\t\t\t<\/div>\n\t\t\t\t\t<\/div>\n\t\t<\/div>\n\t\t\t\t\t<\/div>\n\t\t<\/section>\n\t\t\t\t<section class=\"elementor-section elementor-top-section elementor-element elementor-element-20d4a39 elementor-section-boxed elementor-section-height-default elementor-section-height-default\" data-id=\"20d4a39\" data-element_type=\"section\" data-e-type=\"section\">\n\t\t\t\t\t\t<div class=\"elementor-container elementor-column-gap-default\">\n\t\t\t\t\t<div class=\"elementor-column elementor-col-100 elementor-top-column elementor-element elementor-element-39fd5491\" data-id=\"39fd5491\" data-element_type=\"column\" data-e-type=\"column\">\n\t\t\t<div class=\"elementor-widget-wrap elementor-element-populated\">\n\t\t\t\t\t\t<div class=\"elementor-element elementor-element-5539c52d elementor-widget elementor-widget-heading\" data-id=\"5539c52d\" data-element_type=\"widget\" data-e-type=\"widget\" data-widget_type=\"heading.default\">\n\t\t\t\t<div class=\"elementor-widget-container\">\n\t\t\t\t\t<h3 class=\"elementor-heading-title elementor-size-default\">PREENCHA SEUS DADOS<\/h3>\t\t\t\t<\/div>\n\t\t\t\t<\/div>\n\t\t\t\t<div class=\"elementor-element elementor-element-6fbedab elementor-widget elementor-widget-heading\" data-id=\"6fbedab\" data-element_type=\"widget\" data-e-type=\"widget\" data-widget_type=\"heading.default\">\n\t\t\t\t<div class=\"elementor-widget-container\">\n\t\t\t\t\t<h2 class=\"elementor-heading-title elementor-size-default\">FA\u00c7A SEU CADASTRO<\/h2>\t\t\t\t<\/div>\n\t\t\t\t<\/div>\n\t\t\t\t<div class=\"elementor-element elementor-element-10c76aa2 elementor-widget elementor-widget-text-editor\" data-id=\"10c76aa2\" data-element_type=\"widget\" data-e-type=\"widget\" data-widget_type=\"text-editor.default\">\n\t\t\t\t<div class=\"elementor-widget-container\">\n\t\t\t\t\t\t\t\t\t<p class=\"MuiTypography-root MuiTypography-body1 css-18l3qcg\" style=\"text-align: left;\">Precisa de um impulso no seu projeto? N\u00e3o procrastine! Preencha seus dados agora. Este \u00e9 o primeiro passo para transformar suas metas em conquistas. Seu sucesso est\u00e1 a um clique. <br \/>Insira suas informa\u00e7\u00f5es e abra portas para novas oportunidades. Cada detalhe conta. <br \/>F\u00e1cil, r\u00e1pido e seguro. Confie no processo e veja a magia acontecer. Seu futuro aguarda!<\/p>\t\t\t\t\t\t\t\t<\/div>\n\t\t\t\t<\/div>\n\t\t\t\t\t<\/div>\n\t\t<\/div>\n\t\t\t\t\t<\/div>\n\t\t<\/section>\n\t\t\t\t<section class=\"elementor-section elementor-top-section elementor-element elementor-element-51e77dec elementor-section-boxed elementor-section-height-default elementor-section-height-default\" data-id=\"51e77dec\" data-element_type=\"section\" data-e-type=\"section\">\n\t\t\t\t\t\t<div class=\"elementor-container elementor-column-gap-default\">\n\t\t\t\t\t<div class=\"elementor-column elementor-col-50 elementor-top-column elementor-element elementor-element-1c2f4023\" data-id=\"1c2f4023\" data-element_type=\"column\" data-e-type=\"column\">\n\t\t\t<div class=\"elementor-widget-wrap elementor-element-populated\">\n\t\t\t\t\t\t<div class=\"elementor-element elementor-element-6a31b27f elementor-button-align-end elementor-widget elementor-widget-form\" data-id=\"6a31b27f\" data-element_type=\"widget\" data-e-type=\"widget\" data-settings=\"{&quot;step_next_label&quot;:&quot;Pr\\u00f3xima&quot;,&quot;step_previous_label&quot;:&quot;Anterior&quot;,&quot;button_width&quot;:&quot;100&quot;,&quot;step_type&quot;:&quot;number_text&quot;,&quot;step_icon_shape&quot;:&quot;circle&quot;}\" data-widget_type=\"form.default\">\n\t\t\t\t<div class=\"elementor-widget-container\">\n\t\t\t\t\t\t\t<form class=\"elementor-form\" method=\"post\" name=\"Formul\u00e1rio Cadastro \">\n\t\t\t<input type=\"hidden\" name=\"post_id\" value=\"760\"\/>\n\t\t\t<input type=\"hidden\" name=\"form_id\" value=\"6a31b27f\"\/>\n\t\t\t<input type=\"hidden\" name=\"referer_title\" value=\"\" \/>\n\n\t\t\t\n\t\t\t<div class=\"elementor-form-fields-wrapper elementor-labels-above\">\n\t\t\t\t\t\t\t\t<div class=\"elementor-field-type-html elementor-field-group elementor-column elementor-field-group-field_25572de elementor-col-100\">\n\t\t\t\t\t<B>Dados pessoais<\/B>\t\t\t\t<\/div>\n\t\t\t\t\t\t\t\t<div class=\"elementor-field-type-text elementor-field-group elementor-column elementor-field-group-field_da12967 elementor-col-50 elementor-field-required elementor-mark-required\">\n\t\t\t\t\t\t\t\t\t\t\t\t<label for=\"form-field-field_da12967\" class=\"elementor-field-label\">\n\t\t\t\t\t\t\t\tNome pr\u00f3prio\t\t\t\t\t\t\t<\/label>\n\t\t\t\t\t\t\t\t\t\t\t\t\t\t<input size=\"1\" type=\"text\" name=\"form_fields[field_da12967]\" id=\"form-field-field_da12967\" class=\"elementor-field elementor-size-md  elementor-field-textual\" required=\"required\" aria-required=\"true\">\n\t\t\t\t\t\t\t\t\t\t\t<\/div>\n\t\t\t\t\t\t\t\t<div class=\"elementor-field-type-text elementor-field-group elementor-column elementor-field-group-field_ec6012e elementor-col-50 elementor-field-required elementor-mark-required\">\n\t\t\t\t\t\t\t\t\t\t\t\t<label for=\"form-field-field_ec6012e\" class=\"elementor-field-label\">\n\t\t\t\t\t\t\t\tApelido \t\t\t\t\t\t\t<\/label>\n\t\t\t\t\t\t\t\t\t\t\t\t\t\t<input size=\"1\" type=\"text\" name=\"form_fields[field_ec6012e]\" id=\"form-field-field_ec6012e\" class=\"elementor-field elementor-size-md  elementor-field-textual\" required=\"required\" aria-required=\"true\">\n\t\t\t\t\t\t\t\t\t\t\t<\/div>\n\t\t\t\t\t\t\t\t<div class=\"elementor-field-type-email elementor-field-group elementor-column elementor-field-group-email elementor-col-50 elementor-field-required elementor-mark-required\">\n\t\t\t\t\t\t\t\t\t\t\t\t<label for=\"form-field-email\" class=\"elementor-field-label\">\n\t\t\t\t\t\t\t\tEmail\t\t\t\t\t\t\t<\/label>\n\t\t\t\t\t\t\t\t\t\t\t\t\t\t<input size=\"1\" type=\"email\" name=\"form_fields[email]\" id=\"form-field-email\" class=\"elementor-field elementor-size-md  elementor-field-textual\" required=\"required\" aria-required=\"true\">\n\t\t\t\t\t\t\t\t\t\t\t<\/div>\n\t\t\t\t\t\t\t\t<div class=\"elementor-field-type-text elementor-field-group elementor-column elementor-field-group-field_85d0921 elementor-col-50 elementor-field-required elementor-mark-required\">\n\t\t\t\t\t\t\t\t\t\t\t\t<label for=\"form-field-field_85d0921\" class=\"elementor-field-label\">\n\t\t\t\t\t\t\t\tTelefone \t\t\t\t\t\t\t<\/label>\n\t\t\t\t\t\t\t\t\t\t\t\t\t\t<input size=\"1\" type=\"text\" name=\"form_fields[field_85d0921]\" id=\"form-field-field_85d0921\" class=\"elementor-field elementor-size-md  elementor-field-textual\" required=\"required\" aria-required=\"true\">\n\t\t\t\t\t\t\t\t\t\t\t<\/div>\n\t\t\t\t\t\t\t\t<div class=\"elementor-field-type-number elementor-field-group elementor-column elementor-field-group-field_ae55df2 elementor-col-50 elementor-field-required elementor-mark-required\">\n\t\t\t\t\t\t\t\t\t\t\t\t<label for=\"form-field-field_ae55df2\" class=\"elementor-field-label\">\n\t\t\t\t\t\t\t\tQual a sua data de nascimento?\t\t\t\t\t\t\t<\/label>\n\t\t\t\t\t\t\t\t\t<input type=\"number\" name=\"form_fields[field_ae55df2]\" id=\"form-field-field_ae55df2\" class=\"elementor-field elementor-size-md  elementor-field-textual\" required=\"required\" aria-required=\"true\" min=\"\" max=\"\" >\n\t\t\t\t\t\t<\/div>\n\t\t\t\t\t\t\t\t<div class=\"elementor-field-type-text elementor-field-group elementor-column elementor-field-group-field_17e2213 elementor-col-50\">\n\t\t\t\t\t\t\t\t\t\t\t\t<label for=\"form-field-field_17e2213\" class=\"elementor-field-label\">\n\t\t\t\t\t\t\t\tG\u00eanero \t\t\t\t\t\t\t<\/label>\n\t\t\t\t\t\t\t\t\t\t\t\t\t\t<input size=\"1\" type=\"text\" name=\"form_fields[field_17e2213]\" id=\"form-field-field_17e2213\" class=\"elementor-field elementor-size-md  elementor-field-textual\">\n\t\t\t\t\t\t\t\t\t\t\t<\/div>\n\t\t\t\t\t\t\t\t<div class=\"elementor-field-type-text elementor-field-group elementor-column elementor-field-group-field_4b386ec elementor-col-100 elementor-field-required elementor-mark-required\">\n\t\t\t\t\t\t\t\t\t\t\t\t<label for=\"form-field-field_4b386ec\" class=\"elementor-field-label\">\n\t\t\t\t\t\t\t\tEndere\u00e7o\t\t\t\t\t\t\t<\/label>\n\t\t\t\t\t\t\t\t\t\t\t\t\t\t<input size=\"1\" type=\"text\" name=\"form_fields[field_4b386ec]\" id=\"form-field-field_4b386ec\" class=\"elementor-field elementor-size-md  elementor-field-textual\" required=\"required\" aria-required=\"true\">\n\t\t\t\t\t\t\t\t\t\t\t<\/div>\n\t\t\t\t\t\t\t\t<div class=\"elementor-field-type-text elementor-field-group elementor-column elementor-field-group-field_d6a61ee elementor-col-100 elementor-field-required elementor-mark-required\">\n\t\t\t\t\t\t\t\t\t\t\t\t<label for=\"form-field-field_d6a61ee\" class=\"elementor-field-label\">\n\t\t\t\t\t\t\t\tEstado Civil\t\t\t\t\t\t\t<\/label>\n\t\t\t\t\t\t\t\t\t\t\t\t\t\t<input size=\"1\" type=\"text\" name=\"form_fields[field_d6a61ee]\" id=\"form-field-field_d6a61ee\" class=\"elementor-field elementor-size-md  elementor-field-textual\" required=\"required\" aria-required=\"true\">\n\t\t\t\t\t\t\t\t\t\t\t<\/div>\n\t\t\t\t\t\t\t\t<div class=\"elementor-field-type-select elementor-field-group elementor-column elementor-field-group-field_dd7ccf7 elementor-col-100 elementor-field-required elementor-mark-required\">\n\t\t\t\t\t\t\t\t\t\t\t\t<label for=\"form-field-field_dd7ccf7\" class=\"elementor-field-label\">\n\t\t\t\t\t\t\t\tSelecione o pa\u00eds\t\t\t\t\t\t\t<\/label>\n\t\t\t\t\t\t\t\t<div class=\"elementor-field elementor-select-wrapper \">\n\t\t\t<select name=\"form_fields[field_dd7ccf7]\" id=\"form-field-field_dd7ccf7\" class=\"elementor-field-textual elementor-size-md\" required=\"required\" aria-required=\"true\">\n\t\t\t\t\t\t\t\t\t<option value=\"BRASIL\">BRASIL<\/option>\n\t\t\t\t\t\t\t\t\t<option value=\"EUA\">EUA<\/option>\n\t\t\t\t\t\t\t\t\t<option value=\"Jap\u00e3o\">Jap\u00e3o<\/option>\n\t\t\t\t\t\t\t\t\t<option value=\"Nova Zel\u00e2ndia\">Nova Zel\u00e2ndia<\/option>\n\t\t\t\t\t\t\t\t\t<option value=\"Austr\u00e1lia\">Austr\u00e1lia<\/option>\n\t\t\t\t\t\t\t\t\t<option value=\"China\">China<\/option>\n\t\t\t\t\t\t\t\t\t<option value=\"Alemanha\">Alemanha<\/option>\n\t\t\t\t\t\t\t\t\t<option value=\"China\">China<\/option>\n\t\t\t\t\t\t\t<\/select>\n\t\t<\/div>\n\t\t\t\t\t\t<\/div>\n\t\t\t\t\t\t\t\t<div class=\"elementor-field-type-textarea elementor-field-group elementor-column elementor-field-group-field_c751b7e elementor-col-100\">\n\t\t\t\t\t\t\t\t\t\t\t\t<label for=\"form-field-field_c751b7e\" class=\"elementor-field-label\">\n\t\t\t\t\t\t\t\tOutros coment\u00e1rios\t\t\t\t\t\t\t<\/label>\n\t\t\t\t\t\t<textarea class=\"elementor-field-textual elementor-field  elementor-size-md\" name=\"form_fields[field_c751b7e]\" id=\"form-field-field_c751b7e\" rows=\"4\"><\/textarea>\t\t\t\t<\/div>\n\t\t\t\t\t\t\t\t<div class=\"elementor-field-group elementor-column elementor-field-type-submit elementor-col-100 e-form__buttons\">\n\t\t\t\t\t<button type=\"submit\" class=\"elementor-button elementor-size-md\">\n\t\t\t\t\t\t<span >\n\t\t\t\t\t\t\t\t\t\t\t\t\t\t\t<span class=\"elementor-align-icon-left elementor-button-icon\">\n\t\t\t\t\t\t\t\t\t<i aria-hidden=\"true\" class=\"far fa-paper-plane\"><\/i>\t\t\t\t\t\t\t\t\t\t\t\t\t\t\t\t\t<\/span>\n\t\t\t\t\t\t\t\t\t\t\t\t\t\t\t\t\t\t\t\t\t\t<span class=\"elementor-button-text\">ENVIAR MENSAGEM<\/span>\n\t\t\t\t\t\t\t\t\t\t\t\t\t<\/span>\n\t\t\t\t\t<\/button>\n\t\t\t\t<\/div>\n\t\t\t<\/div>\n\t\t<\/form>\n\t\t\t\t\t\t<\/div>\n\t\t\t\t<\/div>\n\t\t\t\t\t<\/div>\n\t\t<\/div>\n\t\t\t\t<div class=\"elementor-column elementor-col-50 elementor-top-column elementor-element elementor-element-6478f108\" data-id=\"6478f108\" data-element_type=\"column\" data-e-type=\"column\">\n\t\t\t<div class=\"elementor-widget-wrap elementor-element-populated\">\n\t\t\t\t\t\t<div class=\"elementor-element elementor-element-351cc482 elementor-widget elementor-widget-heading\" data-id=\"351cc482\" data-element_type=\"widget\" data-e-type=\"widget\" data-widget_type=\"heading.default\">\n\t\t\t\t<div class=\"elementor-widget-container\">\n\t\t\t\t\t<h2 class=\"elementor-heading-title elementor-size-default\">DESIGNER ARTE FINAL<\/h2>\t\t\t\t<\/div>\n\t\t\t\t<\/div>\n\t\t\t\t<div class=\"elementor-element elementor-element-6ae6a6a7 elementor-widget elementor-widget-image\" data-id=\"6ae6a6a7\" data-element_type=\"widget\" data-e-type=\"widget\" data-widget_type=\"image.default\">\n\t\t\t\t<div class=\"elementor-widget-container\">\n\t\t\t\t\t\t\t\t\t\t\t\t\t\t\t<img fetchpriority=\"high\" decoding=\"async\" width=\"800\" height=\"404\" src=\"https:\/\/lnrepresentacoes.com.br\/site\/wp-content\/uploads\/2024\/01\/bg-img-4-1024x517.jpg\" class=\"attachment-large size-large wp-image-166\" alt=\"\" srcset=\"https:\/\/lnrepresentacoes.com.br\/site\/wp-content\/uploads\/2024\/01\/bg-img-4-1024x517.jpg 1024w, https:\/\/lnrepresentacoes.com.br\/site\/wp-content\/uploads\/2024\/01\/bg-img-4-300x151.jpg 300w, https:\/\/lnrepresentacoes.com.br\/site\/wp-content\/uploads\/2024\/01\/bg-img-4-768x387.jpg 768w, https:\/\/lnrepresentacoes.com.br\/site\/wp-content\/uploads\/2024\/01\/bg-img-4-1536x775.jpg 1536w, https:\/\/lnrepresentacoes.com.br\/site\/wp-content\/uploads\/2024\/01\/bg-img-4.jpg 1980w\" sizes=\"(max-width: 800px) 100vw, 800px\" \/>\t\t\t\t\t\t\t\t\t\t\t\t\t\t\t<\/div>\n\t\t\t\t<\/div>\n\t\t\t\t<div class=\"elementor-element elementor-element-2d8a9564 elementor-widget elementor-widget-text-editor\" data-id=\"2d8a9564\" data-element_type=\"widget\" data-e-type=\"widget\" data-widget_type=\"text-editor.default\">\n\t\t\t\t<div class=\"elementor-widget-container\">\n\t\t\t\t\t\t\t\t\t<p>Investir na arte final \u00e9 investir na imagem da sua marca. \u00c9 a diferen\u00e7a entre o bom e o excepcional. Fa\u00e7a sua mensagem visual brilhar &#8211; invista em arte final de qualidade.<\/p>\t\t\t\t\t\t\t\t<\/div>\n\t\t\t\t<\/div>\n\t\t\t\t<div class=\"elementor-element elementor-element-629c44e4 elementor-widget elementor-widget-heading\" data-id=\"629c44e4\" data-element_type=\"widget\" data-e-type=\"widget\" data-widget_type=\"heading.default\">\n\t\t\t\t<div class=\"elementor-widget-container\">\n\t\t\t\t\t<h2 class=\"elementor-heading-title elementor-size-default\">SIGA NAS REDES SOCIAIS<\/h2>\t\t\t\t<\/div>\n\t\t\t\t<\/div>\n\t\t\t\t<div class=\"elementor-element elementor-element-a8a6d19 elementor-widget elementor-widget-image\" data-id=\"a8a6d19\" data-element_type=\"widget\" data-e-type=\"widget\" data-widget_type=\"image.default\">\n\t\t\t\t<div class=\"elementor-widget-container\">\n\t\t\t\t\t\t\t\t\t\t\t\t\t\t\t<img decoding=\"async\" width=\"800\" height=\"462\" src=\"https:\/\/lnrepresentacoes.com.br\/site\/wp-content\/uploads\/2024\/01\/bg-img-5-1024x591.jpg\" class=\"attachment-large size-large wp-image-167\" alt=\"\" srcset=\"https:\/\/lnrepresentacoes.com.br\/site\/wp-content\/uploads\/2024\/01\/bg-img-5-1024x591.jpg 1024w, https:\/\/lnrepresentacoes.com.br\/site\/wp-content\/uploads\/2024\/01\/bg-img-5-300x173.jpg 300w, https:\/\/lnrepresentacoes.com.br\/site\/wp-content\/uploads\/2024\/01\/bg-img-5-768x443.jpg 768w, https:\/\/lnrepresentacoes.com.br\/site\/wp-content\/uploads\/2024\/01\/bg-img-5-1536x887.jpg 1536w, https:\/\/lnrepresentacoes.com.br\/site\/wp-content\/uploads\/2024\/01\/bg-img-5.jpg 1980w\" sizes=\"(max-width: 800px) 100vw, 800px\" \/>\t\t\t\t\t\t\t\t\t\t\t\t\t\t\t<\/div>\n\t\t\t\t<\/div>\n\t\t\t\t<div class=\"elementor-element elementor-element-60a126f3 elementor-shape-rounded elementor-grid-0 e-grid-align-center elementor-widget elementor-widget-social-icons\" data-id=\"60a126f3\" data-element_type=\"widget\" data-e-type=\"widget\" data-widget_type=\"social-icons.default\">\n\t\t\t\t<div class=\"elementor-widget-container\">\n\t\t\t\t\t\t\t<div class=\"elementor-social-icons-wrapper elementor-grid\" role=\"list\">\n\t\t\t\t\t\t\t<span class=\"elementor-grid-item\" role=\"listitem\">\n\t\t\t\t\t<a class=\"elementor-icon elementor-social-icon elementor-social-icon-whatsapp elementor-repeater-item-5dddc40\" href=\"https:\/\/api.whatsapp.com\/send?phone=5562984466306&#038;text=Ol\u00e1!%20vim%20atrav\u00e9s%20do%20site%20gostaria%20de%20fazer%20um%20or\u00e7amento\" target=\"_blank\">\n\t\t\t\t\t\t<span class=\"elementor-screen-only\">Whatsapp<\/span>\n\t\t\t\t\t\t<i aria-hidden=\"true\" class=\"fab fa-whatsapp\"><\/i>\t\t\t\t\t<\/a>\n\t\t\t\t<\/span>\n\t\t\t\t\t\t\t<span class=\"elementor-grid-item\" role=\"listitem\">\n\t\t\t\t\t<a class=\"elementor-icon elementor-social-icon elementor-social-icon-instagram elementor-repeater-item-1e97d2f\" href=\"https:\/\/www.instagram.com\/ln.representacoes40\/\" target=\"_blank\">\n\t\t\t\t\t\t<span class=\"elementor-screen-only\">Instagram<\/span>\n\t\t\t\t\t\t<i aria-hidden=\"true\" class=\"fab fa-instagram\"><\/i>\t\t\t\t\t<\/a>\n\t\t\t\t<\/span>\n\t\t\t\t\t\t\t<span class=\"elementor-grid-item\" role=\"listitem\">\n\t\t\t\t\t<a class=\"elementor-icon elementor-social-icon elementor-social-icon-youtube elementor-repeater-item-25e2205\" href=\"https:\/\/www.youtube.com\/@representacoesln6092\" target=\"_blank\">\n\t\t\t\t\t\t<span class=\"elementor-screen-only\">Youtube<\/span>\n\t\t\t\t\t\t<i aria-hidden=\"true\" class=\"fab fa-youtube\"><\/i>\t\t\t\t\t<\/a>\n\t\t\t\t<\/span>\n\t\t\t\t\t\t\t<span class=\"elementor-grid-item\" role=\"listitem\">\n\t\t\t\t\t<a class=\"elementor-icon elementor-social-icon elementor-social-icon-facebook-f elementor-repeater-item-44c220a\" href=\"https:\/\/www.facebook.com\/lnplasticoseembalagens\" target=\"_blank\">\n\t\t\t\t\t\t<span class=\"elementor-screen-only\">Facebook-f<\/span>\n\t\t\t\t\t\t<i aria-hidden=\"true\" class=\"fab fa-facebook-f\"><\/i>\t\t\t\t\t<\/a>\n\t\t\t\t<\/span>\n\t\t\t\t\t<\/div>\n\t\t\t\t\t\t<\/div>\n\t\t\t\t<\/div>\n\t\t\t\t\t<\/div>\n\t\t<\/div>\n\t\t\t\t\t<\/div>\n\t\t<\/section>\n\t\t\t\t<\/div>\n\t\t","protected":false},"excerpt":{"rendered":"<p>CADASTRE-SE AGORA PREENCHA SEUS DADOS FA\u00c7A SEU CADASTRO Precisa de um impulso no seu projeto? N\u00e3o procrastine! Preencha seus dados agora. Este \u00e9 o primeiro passo para transformar suas metas em conquistas. Seu sucesso est\u00e1 a um clique. Insira suas informa\u00e7\u00f5es e abra portas para novas oportunidades. Cada detalhe conta. F\u00e1cil, r\u00e1pido e seguro. Confie [&hellip;]<\/p>\n","protected":false},"author":1,"featured_media":0,"parent":0,"menu_order":0,"comment_status":"closed","ping_status":"closed","template":"","meta":{"_joinchat":[],"footnotes":""},"class_list":["post-760","page","type-page","status-publish","hentry"],"_links":{"self":[{"href":"https:\/\/lnrepresentacoes.com.br\/site\/wp-json\/wp\/v2\/pages\/760","targetHints":{"allow":["GET"]}}],"collection":[{"href":"https:\/\/lnrepresentacoes.com.br\/site\/wp-json\/wp\/v2\/pages"}],"about":[{"href":"https:\/\/lnrepresentacoes.com.br\/site\/wp-json\/wp\/v2\/types\/page"}],"author":[{"embeddable":true,"href":"https:\/\/lnrepresentacoes.com.br\/site\/wp-json\/wp\/v2\/users\/1"}],"replies":[{"embeddable":true,"href":"https:\/\/lnrepresentacoes.com.br\/site\/wp-json\/wp\/v2\/comments?post=760"}],"version-history":[{"count":82,"href":"https:\/\/lnrepresentacoes.com.br\/site\/wp-json\/wp\/v2\/pages\/760\/revisions"}],"predecessor-version":[{"id":1075,"href":"https:\/\/lnrepresentacoes.com.br\/site\/wp-json\/wp\/v2\/pages\/760\/revisions\/1075"}],"wp:attachment":[{"href":"https:\/\/lnrepresentacoes.com.br\/site\/wp-json\/wp\/v2\/media?parent=760"}],"curies":[{"name":"wp","href":"https:\/\/api.w.org\/{rel}","templated":true}]}}